{"id":5518,"date":"2022-07-07T16:47:07","date_gmt":"2022-07-07T14:47:07","guid":{"rendered":"http:\/\/innova.arachno.biz\/privacy-policy\/"},"modified":"2023-07-28T12:50:49","modified_gmt":"2023-07-28T10:50:49","slug":"privatsphare","status":"publish","type":"page","link":"https:\/\/www.innovagroup.it\/de\/privatsphare\/","title":{"rendered":"Privatsph\u00e4re"},"content":{"rendered":"\n<p>Auf dieser Seite wird beschrieben, wie die Website im Hinblick auf die Verarbeitung personenbezogener Daten der Benutzer verwaltet wird, die sie konsultieren. Diese Informationen werden auch gem\u00e4\u00df der Verordnung (EU) 2016\/679 des Europ\u00e4ischen Parlaments und des Rates vom 27. April 2016 zum Schutz personenbezogener Daten denjenigen bereitgestellt, die mit den Webdiensten der Innova Group interagieren, die elektronisch ab der Adresse zug\u00e4nglich sind:\u00a0<a href=\"https:\/\/www.innovagroup.it\/de\/\">www.innovagroup.it\/de\/<\/a>\u00a0Die Informationen werden nur f\u00fcr die Website der Innova Group bereitgestellt und nicht f\u00fcr andere Websites, die der Benutzer m\u00f6glicherweise \u00fcber Links konsultiert.<\/p>\n\n\n\n<h2 class=\"wp-block-heading\">Zahlen und Kontakte<\/h2>\n\n\n\n<p><strong>Der Datenverantwortliche ist:<\/strong> Innova Group s.p.a. \u2013 Via Nazionale n. 1\/D &#8211; C.F. und Umsatzsteuer-Identifikationsnummer: 02585950989 &#8211; PEC:&nbsp;<a href=\"mailto:innovagroup@pec.intred.it\" target=\"_blank\" rel=\"noreferrer noopener\">innovagroup@pec.intred.it<\/a><\/p>\n\n\n\n<p><strong>Die gemeinsamen Datenverantwortlichen sind<\/strong>:  <\/p>\n\n\n\n<ul>\n<li> <strong>Innova Group &#8211; Produktionsbetrieb in Fontanella<\/strong> <br> Via A. Vespucci 38, 24056 Fontanella (BG) <br> Tel. +39 0363 907454 &#8211; Fax 0363 997950 &#8211;  Email:&nbsp;<a href=\"mailto:fontanella@innovagroup.it\" target=\"_blank\" rel=\"noreferrer noopener\">fontanella@innovagroup.it<\/a><\/li>\n\n\n\n<li> <strong>Innova Group &#8211; Produktionsbetrieb in Caino<\/strong> <br> Via Nazionale 1\/d, 25070 Caino (BS)<br> Tel. +39 030 6830042 &#8211; Fax 030 6830421 &#8211; Email:&nbsp;<a href=\"mailto:info@innovagroup.it\" target=\"_blank\" rel=\"noreferrer noopener\">info@innovagroup.it<\/a><\/li>\n\n\n\n<li> <strong>Innova Group &#8211; Produktionsbetrieb in Borgo San Giacomo<\/strong><br> Via E. Fermi 15, 25022 Borgo San Giacomo (BS) <br> Tel. +39 030 2150089 &#8211; Fax 030 2651019 &#8211; Email:&nbsp;<a href=\"mailto:borgosangiacomo@innovagroup.it\" target=\"_blank\" rel=\"noreferrer noopener\">borgosangiacomo@innovagroup.it<\/a><\/li>\n\n\n\n<li> <strong>Innova Group &#8211; Produktionsbetrieb in Erb\u00e8<\/strong> <br> Via Della Libert\u00e0 6, 37060 Erb\u00e8 (VR) <br> Tel. +39 045 8961620 &#8211; Fax 045 6670164 &#8211; Email:&nbsp;<a href=\"mailto:erbe@innovagroup.it\" target=\"_blank\" rel=\"noreferrer noopener\">erbe@innovagroup.it<\/a><\/li>\n<\/ul>\n\n\n\n<p>Die Unternehmen haben eine spezifische Eigentumsvereinbarung unterzeichnet.<\/p>\n\n\n\n<h2 class=\"wp-block-heading\">Ort der Datenverarbeitung<\/h2>\n\n\n\n<p>Die mit den Webdiensten dieser Website verbundenen Behandlungen finden in den B\u00fcros der angegebenen Unternehmen statt und werden nur von technischem Personal des f\u00fcr die Behandlung zust\u00e4ndigen B\u00fcros durchgef\u00fchrt, das im Bereich der Verarbeitung personenbezogener Daten ausreichend ausgebildet und geschult ist, oder von Personen in Verantwortlich f\u00fcr gelegentliche Wartungsarbeiten, zusammen mit dem entsprechend ernannten externen Datenverantwortlichen und Eigent\u00fcmer des Website-Entwicklungsvertrags. Es werden keine aus dem Webservice stammenden Daten \u00fcbermittelt oder verbreitet.<\/p>\n\n\n\n<p>Die von Nutzern zur Verf\u00fcgung gestellten personenbezogenen Daten, die die Zusendung von Informationsmaterial (Bulletins, CD-ROMs, Newsletter, Jahresberichte, Antworten auf Anfragen, Urkunden und Ma\u00dfnahmen usw.) anfordern, werden ausschlie\u00dflich zum Zwecke der Erbringung der angeforderten Dienstleistung oder Bereitstellung verwendet und sind nicht zul\u00e4ssig Eine Weitergabe an Dritte erfolgt nur, wenn dies zu diesem Zweck erforderlich ist.<\/p>\n\n\n\n<h2 class=\"wp-block-heading\">Arten der verarbeiteten Daten<\/h2>\n\n\n\n<p><strong>Navigationsdaten.<\/strong><br>Die f\u00fcr den Betrieb dieser Website verwendeten Computersysteme und Softwareverfahren erfassen w\u00e4hrend ihres normalen Betriebs einige personenbezogene Daten, deren \u00dcbermittlung bei der Verwendung von Internet-Kommunikationsprotokollen implizit ist. Hierbei handelt es sich um Informationen, die nicht erfasst werden, um identifizierten Interessenten zugeordnet zu werden, sondern die aufgrund ihrer Beschaffenheit durch die Verarbeitung und Verkn\u00fcpfung mit Daten im Besitz Dritter eine Identifizierung der Benutzer erm\u00f6glichen k\u00f6nnten.<\/p>\n\n\n\n<p>Diese Daten werden ausschlie\u00dflich dazu verwendet, anonyme statistische Informationen \u00fcber die Nutzung der Website zu erhalten und deren ordnungsgem\u00e4\u00dfe Funktion zu \u00fcberpr\u00fcfen. Sie werden unmittelbar nach der Verarbeitung gel\u00f6scht. Die Daten k\u00f6nnten zur Feststellung der Verantwortlichkeit im Falle hypothetischer Computerkriminalit\u00e4t gegen die Website verwendet werden: Abgesehen von diesem Fall bleiben die Daten zu Webkontakten derzeit nicht l\u00e4nger als sieben Tage bestehen.<\/p>\n\n\n\n<p><strong>Vom Nutzer freiwillig angegebene Daten.<\/strong><br>Das optionale, ausdr\u00fcckliche und freiwillige Versenden von E-Mails an die auf dieser Website angegebenen Adressen beinhaltet die anschlie\u00dfende Erfassung der Absenderadresse, die f\u00fcr die Beantwortung von Anfragen erforderlich ist, sowie aller anderen in der Nachricht enthaltenen personenbezogenen Daten.<\/p>\n\n\n\n<p>Spezifische zusammenfassende Informationen werden auf Anfrage nach und nach auf den f\u00fcr bestimmte Dienste eingerichteten Seiten der Website gemeldet oder angezeigt.<\/p>\n\n\n\n<h2 class=\"wp-block-heading\">Cookies<\/h2>\n\n\n\n<p>Zu diesem Zweck werden von der Seite keine personenbezogenen Daten des Nutzers erhoben. Cookies dienen nicht der \u00dcbermittlung personenbezogener Daten und dienen auch nicht dazu, personenbezogene Daten zu \u00fcbermitteln. dauerhafte Cookies jeglicher Art oder Systeme zur Benutzerverfolgung.<\/p>\n\n\n\n<p>Die Verwendung von c.d. Sitzungscookies (die nicht dauerhaft auf dem Computer des Benutzers gespeichert werden und verschwinden, wenn der Browser geschlossen wird) sind strikt auf die \u00dcbertragung von Sitzungskennungen (bestehend aus vom Server generierten Zufallszahlen) beschr\u00e4nkt, die f\u00fcr eine sichere Erkundung und Effizienz der Website erforderlich sind.<\/p>\n\n\n\n<p>Die sogenannte Die auf dieser Website verwendeten Sitzungscookies vermeiden den Einsatz anderer IT-Techniken, die m\u00f6glicherweise die Privatsph\u00e4re der Benutzer beim Surfen beeintr\u00e4chtigen k\u00f6nnten, und erm\u00f6glichen nicht die Erfassung pers\u00f6nlicher Identifikationsdaten des Benutzers.<\/p>\n\n\n\n<h2 class=\"wp-block-heading\">Optionale Bereitstellung von Daten<\/h2>\n\n\n\n<p>Abgesehen von den f\u00fcr die Navigationsdaten angegebenen Daten steht es dem Nutzer frei, die in den Anfrageformularen enthaltenen oder in jedem Fall in Kontakten mit dem B\u00fcro angegebenen personenbezogenen Daten anzugeben, um die Zusendung von Informationsmaterial oder anderen Mitteilungen anzufordern. Die Nichtbereitstellung dieser Daten kann dazu f\u00fchren, dass die angeforderten Informationen nicht eingeholt werden k\u00f6nnen.<\/p>\n\n\n\n<p>Der Vollst\u00e4ndigkeit halber sei daran erinnert, dass die Beh\u00f6rde in einigen F\u00e4llen (die nicht der normalen Verwaltung dieser Website unterliegen) Nachrichten und Informationen gem\u00e4\u00df der Verordnung (EU) 2016\/679 des Europ\u00e4ischen Parlaments zu folgenden Zwecken anfordern kann: Kontrolle der Verarbeitung personenbezogener Daten. In diesen F\u00e4llen ist die Antwort zwingend erforderlich, da sonst ein Bu\u00dfgeld verh\u00e4ngt wirde.<\/p>\n\n\n\n<h2 class=\"wp-block-heading\">Verarbeitungsmethoden<\/h2>\n\n\n\n<p>Personenbezogene Daten werden mit automatisierten Tools so lange verarbeitet, wie es f\u00fcr die Erreichung der Zwecke, f\u00fcr die sie erhoben wurden, unbedingt erforderlich ist. Es werden besondere Sicherheitsma\u00dfnahmen beachtet, um Datenverlust, unerlaubte oder fehlerhafte Nutzung und unbefugten Zugriff zu verhindern.<\/p>\n\n\n\n<p><strong>Rechte der betroffenen Person:<\/strong><br>Der Interessent hat das Recht, vom Datenverantwortlichen eine Best\u00e4tigung dar\u00fcber zu verlangen, ob die ihn betreffenden personenbezogenen Daten vorhanden sind oder nicht, auch wenn sie noch nicht registriert sind, und deren Mitteilung in verst\u00e4ndlicher Form; die Berichtigung, Erg\u00e4nzung, Einschr\u00e4nkung, L\u00f6schung Ihrer Daten, die \u00dcbertragbarkeit Ihrer Daten.<\/p>\n\n\n\n<p>Der Interessent hat das Recht: seine Einwilligung jederzeit zu widerrufen, eine Beschwerde bei der Aufsichtsbeh\u00f6rde einzureichen, die Folgen einer Nichterteilung der Einwilligung zu kennen (z. B. Unm\u00f6glichkeit, einen Vertrag abzuschlie\u00dfen oder die Lieferung auszuf\u00fchren), zu erfahren, ob ein Prozess zur Profilierung seiner Daten besteht kennen die Existenz eines automatischen Entscheidungsprozesses, die ihm zugrunde liegende Logik und die m\u00f6glichen Konsequenzen, die sich ganz oder teilweise widersetzen:<\/p>\n\n\n\n<ul>\n<li>Aus berechtigten Gr\u00fcnden ist die Verarbeitung der ihn betreffenden personenbezogenen Daten, auch wenn diese f\u00fcr den Zweck der Erhebung relevant sind, nicht zul\u00e4ssig.<\/li>\n\n\n\n<li>Auf die Verarbeitung personenbezogener Daten, die ihn betreffen, zu Direktmarketingzwecken (Versand von Werbe- oder Direktverkaufsmaterial oder zur Durchf\u00fchrung von Marktforschung oder kommerzieller Kommunikation), einschlie\u00dflich Profiling zu Marketingzwecken.<\/li>\n<\/ul>\n\n\n\n<p><strong>So \u00fcben Sie Ihre Rechte aus:<\/strong><br>Der Interessent hat das Recht, alle seine Rechte auszu\u00fcben, indem er einfach eine schriftliche Anfrage, auch elektronisch, an den f\u00fcr die Datenverarbeitung Verantwortlichen unter Verwendung der oben angegebenen Kontaktdaten sendet.<\/p>\n","protected":false},"excerpt":{"rendered":"<p>Auf dieser Seite wird beschrieben, wie die Website im Hinblick auf die Verarbeitung personenbezogener Daten der Benutzer verwaltet wird, die sie konsultieren. Diese Informationen werden auch gem\u00e4\u00df der Verordnung (EU) 2016\/679 des Europ\u00e4ischen Parlaments und des Rates vom 27. April 2016 zum Schutz personenbezogener Daten denjenigen bereitgestellt, die mit den Webdiensten der Innova Group interagieren, die elektronisch ab der Adresse zug\u00e4nglich sind:\u00a0www.innovagroup.it\/de\/\u00a0Die Informationen werden nur f\u00fcr die Website der Innova Group bereitgestellt und nicht f\u00fcr andere Websites, die der Benutzer m\u00f6glicherweise \u00fcber Links konsultiert. Zahlen und Kontakte Der Datenverantwortliche ist: Innova Group s.p.a. \u2013 Via Nazionale n. 1\/D &#8211; C.F. und Umsatzsteuer-Identifikationsnummer: 02585950989 &#8211; PEC:&nbsp;innovagroup@pec.intred.it Die gemeinsamen Datenverantwortlichen sind: Die Unternehmen haben eine spezifische Eigentumsvereinbarung unterzeichnet. Ort der Datenverarbeitung Die &#8230; <\/p>\n<p class=\"read-more-container\"><a title=\"Privatsph\u00e4re\" class=\"read-more button\" href=\"https:\/\/www.innovagroup.it\/de\/privatsphare\/#more-5518\" aria-label=\"Mehr zu Privatsph\u00e4re\">Vedi dettagli<\/a><\/p>\n","protected":false},"author":1,"featured_media":0,"parent":0,"menu_order":0,"comment_status":"closed","ping_status":"open","template":"","meta":{"_kad_blocks_custom_css":"","_kad_blocks_head_custom_js":"","_kad_blocks_body_custom_js":"","_kad_blocks_footer_custom_js":""},"categories":[],"tags":[],"stab":[],"yoast_head":"<!-- This site is optimized with the Yoast SEO plugin v21.1 - https:\/\/yoast.com\/wordpress\/plugins\/seo\/ -->\n<title>Privatsph\u00e4re - Innova Group<\/title>\n<meta name=\"robots\" content=\"index, follow, max-snippet:-1, max-image-preview:large, max-video-preview:-1\" \/>\n<link rel=\"canonical\" href=\"https:\/\/www.innovagroup.it\/de\/privatsphare\/\" \/>\n<meta property=\"og:locale\" content=\"de_DE\" \/>\n<meta property=\"og:type\" content=\"article\" \/>\n<meta property=\"og:title\" content=\"Privatsph\u00e4re - Innova Group\" \/>\n<meta property=\"og:description\" content=\"Auf dieser Seite wird beschrieben, wie die Website im Hinblick auf die Verarbeitung personenbezogener Daten der Benutzer verwaltet wird, die sie konsultieren. Diese Informationen werden auch gem\u00e4\u00df der Verordnung (EU) 2016\/679 des Europ\u00e4ischen Parlaments und des Rates vom 27. April 2016 zum Schutz personenbezogener Daten denjenigen bereitgestellt, die mit den Webdiensten der Innova Group interagieren, die elektronisch ab der Adresse zug\u00e4nglich sind:\u00a0www.innovagroup.it\/de\/\u00a0Die Informationen werden nur f\u00fcr die Website der Innova Group bereitgestellt und nicht f\u00fcr andere Websites, die der Benutzer m\u00f6glicherweise \u00fcber Links konsultiert. Zahlen und Kontakte Der Datenverantwortliche ist: Innova Group s.p.a. \u2013 Via Nazionale n. 1\/D &#8211; C.F. und Umsatzsteuer-Identifikationsnummer: 02585950989 &#8211; PEC:&nbsp;innovagroup@pec.intred.it Die gemeinsamen Datenverantwortlichen sind: Die Unternehmen haben eine spezifische Eigentumsvereinbarung unterzeichnet. Ort der Datenverarbeitung Die ... Vedi dettagli\" \/>\n<meta property=\"og:url\" content=\"https:\/\/www.innovagroup.it\/de\/privatsphare\/\" \/>\n<meta property=\"og:site_name\" content=\"Innova Group\" \/>\n<meta property=\"article:modified_time\" content=\"2023-07-28T10:50:49+00:00\" \/>\n<meta name=\"twitter:card\" content=\"summary_large_image\" \/>\n<meta name=\"twitter:label1\" content=\"Gesch\u00e4tzte Lesezeit\" \/>\n\t<meta name=\"twitter:data1\" content=\"6\u00a0Minuten\" \/>\n<script type=\"application\/ld+json\" class=\"yoast-schema-graph\">{\"@context\":\"https:\/\/schema.org\",\"@graph\":[{\"@type\":\"WebPage\",\"@id\":\"https:\/\/www.innovagroup.it\/de\/privatsphare\/\",\"url\":\"https:\/\/www.innovagroup.it\/de\/privatsphare\/\",\"name\":\"Privatsph\u00e4re - Innova Group\",\"isPartOf\":{\"@id\":\"https:\/\/www.innovagroup.it\/de\/#website\"},\"datePublished\":\"2022-07-07T14:47:07+00:00\",\"dateModified\":\"2023-07-28T10:50:49+00:00\",\"breadcrumb\":{\"@id\":\"https:\/\/www.innovagroup.it\/de\/privatsphare\/#breadcrumb\"},\"inLanguage\":\"de\",\"potentialAction\":[{\"@type\":\"ReadAction\",\"target\":[\"https:\/\/www.innovagroup.it\/de\/privatsphare\/\"]}]},{\"@type\":\"BreadcrumbList\",\"@id\":\"https:\/\/www.innovagroup.it\/de\/privatsphare\/#breadcrumb\",\"itemListElement\":[{\"@type\":\"ListItem\",\"position\":1,\"name\":\"Home\",\"item\":\"https:\/\/www.innovagroup.it\/de\/\"},{\"@type\":\"ListItem\",\"position\":2,\"name\":\"Privatsph\u00e4re\"}]},{\"@type\":\"WebSite\",\"@id\":\"https:\/\/www.innovagroup.it\/de\/#website\",\"url\":\"https:\/\/www.innovagroup.it\/de\/\",\"name\":\"Innova Group\",\"description\":\"\",\"publisher\":{\"@id\":\"https:\/\/www.innovagroup.it\/de\/#organization\"},\"potentialAction\":[{\"@type\":\"SearchAction\",\"target\":{\"@type\":\"EntryPoint\",\"urlTemplate\":\"https:\/\/www.innovagroup.it\/de\/?s={search_term_string}\"},\"query-input\":\"required name=search_term_string\"}],\"inLanguage\":\"de\"},{\"@type\":\"Organization\",\"@id\":\"https:\/\/www.innovagroup.it\/de\/#organization\",\"name\":\"Innova Group\",\"url\":\"https:\/\/www.innovagroup.it\/de\/\",\"logo\":{\"@type\":\"ImageObject\",\"inLanguage\":\"de\",\"@id\":\"https:\/\/www.innovagroup.it\/de\/#\/schema\/logo\/image\/\",\"url\":\"http:\/\/innova.arachno.biz\/wp-content\/uploads\/2022\/12\/logo-innova-group-neg.svg\",\"contentUrl\":\"http:\/\/innova.arachno.biz\/wp-content\/uploads\/2022\/12\/logo-innova-group-neg.svg\",\"width\":180,\"height\":94,\"caption\":\"Innova Group\"},\"image\":{\"@id\":\"https:\/\/www.innovagroup.it\/de\/#\/schema\/logo\/image\/\"}}]}<\/script>\n<!-- \/ Yoast SEO plugin. -->","yoast_head_json":{"title":"Privatsph\u00e4re - Innova Group","robots":{"index":"index","follow":"follow","max-snippet":"max-snippet:-1","max-image-preview":"max-image-preview:large","max-video-preview":"max-video-preview:-1"},"canonical":"https:\/\/www.innovagroup.it\/de\/privatsphare\/","og_locale":"de_DE","og_type":"article","og_title":"Privatsph\u00e4re - Innova Group","og_description":"Auf dieser Seite wird beschrieben, wie die Website im Hinblick auf die Verarbeitung personenbezogener Daten der Benutzer verwaltet wird, die sie konsultieren. Diese Informationen werden auch gem\u00e4\u00df der Verordnung (EU) 2016\/679 des Europ\u00e4ischen Parlaments und des Rates vom 27. April 2016 zum Schutz personenbezogener Daten denjenigen bereitgestellt, die mit den Webdiensten der Innova Group interagieren, die elektronisch ab der Adresse zug\u00e4nglich sind:\u00a0www.innovagroup.it\/de\/\u00a0Die Informationen werden nur f\u00fcr die Website der Innova Group bereitgestellt und nicht f\u00fcr andere Websites, die der Benutzer m\u00f6glicherweise \u00fcber Links konsultiert. Zahlen und Kontakte Der Datenverantwortliche ist: Innova Group s.p.a. \u2013 Via Nazionale n. 1\/D &#8211; C.F. und Umsatzsteuer-Identifikationsnummer: 02585950989 &#8211; PEC:&nbsp;innovagroup@pec.intred.it Die gemeinsamen Datenverantwortlichen sind: Die Unternehmen haben eine spezifische Eigentumsvereinbarung unterzeichnet. Ort der Datenverarbeitung Die ... Vedi dettagli","og_url":"https:\/\/www.innovagroup.it\/de\/privatsphare\/","og_site_name":"Innova Group","article_modified_time":"2023-07-28T10:50:49+00:00","twitter_card":"summary_large_image","twitter_misc":{"Gesch\u00e4tzte Lesezeit":"6\u00a0Minuten"},"schema":{"@context":"https:\/\/schema.org","@graph":[{"@type":"WebPage","@id":"https:\/\/www.innovagroup.it\/de\/privatsphare\/","url":"https:\/\/www.innovagroup.it\/de\/privatsphare\/","name":"Privatsph\u00e4re - Innova Group","isPartOf":{"@id":"https:\/\/www.innovagroup.it\/de\/#website"},"datePublished":"2022-07-07T14:47:07+00:00","dateModified":"2023-07-28T10:50:49+00:00","breadcrumb":{"@id":"https:\/\/www.innovagroup.it\/de\/privatsphare\/#breadcrumb"},"inLanguage":"de","potentialAction":[{"@type":"ReadAction","target":["https:\/\/www.innovagroup.it\/de\/privatsphare\/"]}]},{"@type":"BreadcrumbList","@id":"https:\/\/www.innovagroup.it\/de\/privatsphare\/#breadcrumb","itemListElement":[{"@type":"ListItem","position":1,"name":"Home","item":"https:\/\/www.innovagroup.it\/de\/"},{"@type":"ListItem","position":2,"name":"Privatsph\u00e4re"}]},{"@type":"WebSite","@id":"https:\/\/www.innovagroup.it\/de\/#website","url":"https:\/\/www.innovagroup.it\/de\/","name":"Innova Group","description":"","publisher":{"@id":"https:\/\/www.innovagroup.it\/de\/#organization"},"potentialAction":[{"@type":"SearchAction","target":{"@type":"EntryPoint","urlTemplate":"https:\/\/www.innovagroup.it\/de\/?s={search_term_string}"},"query-input":"required name=search_term_string"}],"inLanguage":"de"},{"@type":"Organization","@id":"https:\/\/www.innovagroup.it\/de\/#organization","name":"Innova Group","url":"https:\/\/www.innovagroup.it\/de\/","logo":{"@type":"ImageObject","inLanguage":"de","@id":"https:\/\/www.innovagroup.it\/de\/#\/schema\/logo\/image\/","url":"http:\/\/innova.arachno.biz\/wp-content\/uploads\/2022\/12\/logo-innova-group-neg.svg","contentUrl":"http:\/\/innova.arachno.biz\/wp-content\/uploads\/2022\/12\/logo-innova-group-neg.svg","width":180,"height":94,"caption":"Innova Group"},"image":{"@id":"https:\/\/www.innovagroup.it\/de\/#\/schema\/logo\/image\/"}}]}},"featured_image_src_large":false,"author_info":{"display_name":"arachno","author_link":"https:\/\/www.innovagroup.it\/de\/author\/arachno\/"},"comment_info":0,"taxonomy_info":[],"_links":{"self":[{"href":"https:\/\/www.innovagroup.it\/de\/wp-json\/wp\/v2\/pages\/5518"}],"collection":[{"href":"https:\/\/www.innovagroup.it\/de\/wp-json\/wp\/v2\/pages"}],"about":[{"href":"https:\/\/www.innovagroup.it\/de\/wp-json\/wp\/v2\/types\/page"}],"author":[{"embeddable":true,"href":"https:\/\/www.innovagroup.it\/de\/wp-json\/wp\/v2\/users\/1"}],"replies":[{"embeddable":true,"href":"https:\/\/www.innovagroup.it\/de\/wp-json\/wp\/v2\/comments?post=5518"}],"version-history":[{"count":21,"href":"https:\/\/www.innovagroup.it\/de\/wp-json\/wp\/v2\/pages\/5518\/revisions"}],"predecessor-version":[{"id":5624,"href":"https:\/\/www.innovagroup.it\/de\/wp-json\/wp\/v2\/pages\/5518\/revisions\/5624"}],"wp:attachment":[{"href":"https:\/\/www.innovagroup.it\/de\/wp-json\/wp\/v2\/media?parent=5518"}],"wp:term":[{"taxonomy":"category","embeddable":true,"href":"https:\/\/www.innovagroup.it\/de\/wp-json\/wp\/v2\/categories?post=5518"},{"taxonomy":"post_tag","embeddable":true,"href":"https:\/\/www.innovagroup.it\/de\/wp-json\/wp\/v2\/tags?post=5518"},{"taxonomy":"stab","embeddable":true,"href":"https:\/\/www.innovagroup.it\/de\/wp-json\/wp\/v2\/stab?post=5518"}],"curies":[{"name":"wp","href":"https:\/\/api.w.org\/{rel}","templated":true}]}}